{"id":11990,"date":"2022-10-10T23:38:15","date_gmt":"2022-10-10T23:38:15","guid":{"rendered":"https:\/\/yelpi.com.tr\/?page_id=11990"},"modified":"2022-10-14T09:33:06","modified_gmt":"2022-10-14T09:33:06","slug":"hakkimizda","status":"publish","type":"page","link":"https:\/\/yelpi.com.tr\/en_us\/hakkimizda\/","title":{"rendered":"about us"},"content":{"rendered":"<div class=\"vc_row wpb_row vc_row-fluid\"><div class=\"wpb_column vc_column_container vc_col-sm-12\"><div class=\"vc_column-inner\"><div class=\"wpb_wrapper\">\n\t<div class=\"wpb_video_widget wpb_content_element vc_clearfix   vc_video-aspect-ratio-169 vc_video-el-width-100 vc_video-align-left\" >\n\t\t<div class=\"wpb_wrapper\">\n\t\t\t\n\t\t\t<div class=\"wpb_video_wrapper\"><iframe title=\"YELP\u0130 TANITIM  F\u0130LM\u0130\" width=\"500\" height=\"281\" src=\"https:\/\/www.youtube.com\/embed\/G6oj0bMDHdw?feature=oembed\" frameborder=\"0\" allow=\"accelerometer; autoplay; clipboard-write; encrypted-media; gyroscope; picture-in-picture\" allowfullscreen><\/iframe><\/div>\n\t\t<\/div>\n\t<\/div>\n\n\t<div class=\"wpb_text_column wpb_content_element  vc_custom_1665740117594\" >\n\t\t<div class=\"wpb_wrapper\">\n\t\t\t<h3><span style=\"color: #993300;\">About Us<\/span><\/h3>\n<p>In 1967, we started to work in the poultry industry as a chicken feed producer under the name \u201cDo\u011fan Tavuk Evi\u201d, continued in many fields of poultry industry in the upcoming years.<\/p>\n<p>In 1984, the first export business was for Iraq and 60 million eggs were exported to Iraq Markets. After having experienced in poultry industry, we composed the opportunities of the international markets, we ran live birds business in Georgia, Bulgaria, Azerbaijan and Northern Iraq.<\/p>\n<p>In 2005, the company name was changed as \u201cYelkenler Tavuk\u00e7uluk\u201d.<\/p>\n<p>Our business is for African Markets which started in 2008, still being worked with around 15 countries.<\/p>\n<p>Our company has added different dimension to the hen business through a new slaughterhouse that constructed in 2013 and opened in the last quarter of 2014.<\/p>\n<p>We opened a new era in our new plant, we produce hen product in high quality and according to the Islamic Rules under the name of Yelpi brand and also do the other brands of our regular customers. We have HACCP, ISO 22000-2005 Food Safety, TSE Standards, European Compatibility and Halal Certificate.<\/p>\n<p>Over 50 years experience and by investing in a human and technology, Yelpi considers quality and builds up the market through the mission and vision it has.<\/p>\n<h3><span style=\"color: #993300;\">Our Vision<\/span><\/h3>\n<p>Our main goal is to reach to the new generations with the trust, prestige and regularity we have by our long-standing background.<\/p>\n<h3><span style=\"color: #993300;\">Our Mission<\/span><\/h3>\n<p>With our workmates, Yelpi is aiming to be an exclusive brand by composing the high quality production and making no concessions on quality under appropriate cultural values of us.<\/p>\n\n\t\t<\/div>\n\t<\/div>\n<\/div><\/div><\/div><\/div><div class=\"vc_row wpb_row vc_row-fluid\"><div class=\"wpb_column vc_column_container vc_col-sm-12\"><div class=\"vc_column-inner\"><div class=\"wpb_wrapper\"><h2 style=\"font-size: 25px;text-align: center;font-family:Montserrat;font-weight:400;font-style:normal\" class=\"vc_custom_heading\" >Photo Gallery<\/h2><\/div><\/div><\/div><\/div><div class=\"vc_row wpb_row vc_row-fluid\"><div class=\"wpb_column vc_column_container vc_col-sm-12\"><div class=\"vc_column-inner\"><div class=\"wpb_wrapper\">\n<div class=\"vc_grid-container-wrapper vc_clearfix vc_grid-animation-fadeIn\">\n\t<div class=\"vc_grid-container vc_clearfix wpb_content_element vc_media_grid\" data-initial-loading-animation=\"fadeIn\" data-vc-grid-settings=\"{&quot;page_id&quot;:11990,&quot;style&quot;:&quot;all&quot;,&quot;action&quot;:&quot;vc_get_vc_grid_data&quot;,&quot;shortcode_id&quot;:&quot;1665739700448-5a32dccf-c6fd-2&quot;,&quot;tag&quot;:&quot;vc_media_grid&quot;}\" data-vc-request=\"https:\/\/yelpi.com.tr\/wp-admin\/admin-ajax.php\" data-vc-post-id=\"11990\" data-vc-public-nonce=\"f85f804dd1\">\n\t\t\n\t<\/div>\n<\/div><\/div><\/div><\/div><\/div><div class=\"vc_row wpb_row vc_row-fluid\"><div class=\"wpb_column vc_column_container vc_col-sm-12\"><div class=\"vc_column-inner\"><div class=\"wpb_wrapper\"><\/div><\/div><\/div><\/div>","protected":false},"excerpt":{"rendered":"Kurumsal 1967 y\u0131l\u0131nda \u201cDo\u011fan Tavuk Evi\u201d ad\u0131yla tavuk yemi \u00fcreticisi olarak ba\u015flayan ser\u00fcvenimiz, ilerleyen y\u0131llarda tavuk\u00e7uluk sekt\u00f6r\u00fcn\u00fcn bir\u00e7ok alan\u0131nda emin ad\u0131mlarla ve kendini geli\u015ftirerek faaliyet g\u00f6stermeye devam etti. Aradan ge\u00e7en 17 y\u0131l\u0131n ard\u0131ndan 1984 y\u0131l\u0131na geldi\u011fimizde Irak\u2019a 60 milyonluk yumurta sevkiyat\u0131m\u0131z ile ilk ihracat\u0131m\u0131z\u0131 ger\u00e7ekle\u015ftirerek uluslararas\u0131 pazara ad\u0131m att\u0131k. Sekt\u00f6rdeki edindi\u011fimiz tecr\u00fcbe ve g\u00fcvenle, uluslararas\u0131 pazar\u0131n f\u0131rsatlar\u0131n\u0131 birle\u015ftirerek k\u0131sa s\u00fcrede Irak, G\u00fcrcistan, Bulgaristan ve Azerbaycan\u2019da canl\u0131 tavuk ihracat\u0131m\u0131za\u00a0 ba\u015flad\u0131k. Sene 2005 y\u0131l\u0131n\u0131 g\u00f6sterdi\u011finde firmam\u0131z\u0131n yeni kimli\u011fine b\u00fcr\u00fcnd\u00fc; \u201cYelkenler Tavuk\u00e7uluk\u201c. Afrika\u2019ya 2008 y\u0131l\u0131nda ger\u00e7ekle\u015ftirdi\u011fimiz ba\u015far\u0131l\u0131 ihracat\u0131m\u0131z\u0131n ard\u0131ndan uluslararas\u0131 pazarda yakla\u015f\u0131k 15 \u00fclke daha ekleyerek, ihracat\u0131m\u0131z\u0131 g\u00fcn ge\u00e7tik\u00e7e artt\u0131rarak devam ettik. \u0130htiya\u00e7lar do\u011frultusunda Firmam\u0131z, yumurta tavu\u011fu kesimine farkl\u0131 bir boyut getirmek i\u00e7in 2013 y\u0131l\u0131nda yap\u0131m\u0131na ba\u015flad\u0131\u011f\u0131 kesimhaneyi, 2014 y\u0131l\u0131 sonuna do\u011fru hizmete a\u00e7t\u0131. Yeni bir milad olan tesisimizle bug\u00fcn siz de\u011ferli m\u00fc\u015fterilerimizin markalar\u0131 ve Yelpi markas\u0131 ad\u0131yla, insan sa\u011fl\u0131\u011f\u0131na olan hassasiyetimizle kaliteden [...]","protected":false},"author":1,"featured_media":0,"parent":0,"menu_order":0,"comment_status":"closed","ping_status":"closed","template":"","meta":[],"_links":{"self":[{"href":"https:\/\/yelpi.com.tr\/en_us\/wp-json\/wp\/v2\/pages\/11990"}],"collection":[{"href":"https:\/\/yelpi.com.tr\/en_us\/wp-json\/wp\/v2\/pages"}],"about":[{"href":"https:\/\/yelpi.com.tr\/en_us\/wp-json\/wp\/v2\/types\/page"}],"author":[{"embeddable":true,"href":"https:\/\/yelpi.com.tr\/en_us\/wp-json\/wp\/v2\/users\/1"}],"replies":[{"embeddable":true,"href":"https:\/\/yelpi.com.tr\/en_us\/wp-json\/wp\/v2\/comments?post=11990"}],"version-history":[{"count":7,"href":"https:\/\/yelpi.com.tr\/en_us\/wp-json\/wp\/v2\/pages\/11990\/revisions"}],"predecessor-version":[{"id":12328,"href":"https:\/\/yelpi.com.tr\/en_us\/wp-json\/wp\/v2\/pages\/11990\/revisions\/12328"}],"wp:attachment":[{"href":"https:\/\/yelpi.com.tr\/en_us\/wp-json\/wp\/v2\/media?parent=11990"}],"curies":[{"name":"wp","href":"https:\/\/api.w.org\/{rel}","templated":true}]}}