{"id":12229,"date":"2022-10-12T14:27:01","date_gmt":"2022-10-12T14:27:01","guid":{"rendered":"https:\/\/yelpi.com.tr\/?page_id=12229"},"modified":"2022-10-13T11:14:51","modified_gmt":"2022-10-13T11:14:51","slug":"lojistik","status":"publish","type":"page","link":"https:\/\/yelpi.com.tr\/en_us\/lojistik\/","title":{"rendered":"Logistic"},"content":{"rendered":"<div class=\"vc_row wpb_row vc_row-fluid\"><div class=\"wpb_column vc_column_container vc_col-sm-12 vc_hidden-sm vc_hidden-xs\"><div class=\"vc_column-inner\"><div class=\"wpb_wrapper\">\n\t<div  class=\"wpb_single_image wpb_content_element vc_align_left   resim_new\">\n\t\t\n\t\t<figure class=\"wpb_wrapper vc_figure\">\n\t\t\t<div class=\"vc_single_image-wrapper   vc_box_border_grey\"><img width=\"150\" height=\"150\" src=\"https:\/\/yelpi.com.tr\/wp-content\/uploads\/2022\/10\/Untitled-2-150x150.png\" class=\"vc_single_image-img attachment-thumbnail\" alt=\"\" loading=\"lazy\" title=\"Untitled-2\" srcset=\"https:\/\/yelpi.com.tr\/wp-content\/uploads\/2022\/10\/Untitled-2-150x150.png 150w, https:\/\/yelpi.com.tr\/wp-content\/uploads\/2022\/10\/Untitled-2-300x300.png 300w, https:\/\/yelpi.com.tr\/wp-content\/uploads\/2022\/10\/Untitled-2-1024x1024.png 1024w, https:\/\/yelpi.com.tr\/wp-content\/uploads\/2022\/10\/Untitled-2-768x768.png 768w, https:\/\/yelpi.com.tr\/wp-content\/uploads\/2022\/10\/Untitled-2-1536x1536.png 1536w, https:\/\/yelpi.com.tr\/wp-content\/uploads\/2022\/10\/Untitled-2-2048x2048.png 2048w, https:\/\/yelpi.com.tr\/wp-content\/uploads\/2022\/10\/Untitled-2-360x360.png 360w, https:\/\/yelpi.com.tr\/wp-content\/uploads\/2022\/10\/Untitled-2-600x600.png 600w, https:\/\/yelpi.com.tr\/wp-content\/uploads\/2022\/10\/Untitled-2-100x100.png 100w, https:\/\/yelpi.com.tr\/wp-content\/uploads\/2022\/10\/Untitled-2-24x24.png 24w, https:\/\/yelpi.com.tr\/wp-content\/uploads\/2022\/10\/Untitled-2-48x48.png 48w, https:\/\/yelpi.com.tr\/wp-content\/uploads\/2022\/10\/Untitled-2-96x96.png 96w, https:\/\/yelpi.com.tr\/wp-content\/uploads\/2022\/10\/Untitled-2-250x250.png 250w, https:\/\/yelpi.com.tr\/wp-content\/uploads\/2022\/10\/Untitled-2-140x140.png 140w, https:\/\/yelpi.com.tr\/wp-content\/uploads\/2022\/10\/Untitled-2-110x110.png 110w, https:\/\/yelpi.com.tr\/wp-content\/uploads\/2022\/10\/Untitled-2-275x275.png 275w, https:\/\/yelpi.com.tr\/wp-content\/uploads\/2022\/10\/Untitled-2-800x800.png 800w, https:\/\/yelpi.com.tr\/wp-content\/uploads\/2022\/10\/Untitled-2-550x550.png 550w\" sizes=\"(max-width: 150px) 100vw, 150px\" \/><\/div>\n\t\t<\/figure>\n\t<\/div>\n<\/div><\/div><\/div><\/div><div class=\"vc_row wpb_row vc_row-fluid\"><div class=\"wpb_column vc_column_container vc_col-sm-12 vc_hidden-lg vc_hidden-md\"><div class=\"vc_column-inner\"><div class=\"wpb_wrapper\">\n\t<div  class=\"wpb_single_image wpb_content_element vc_align_left\">\n\t\t\n\t\t<figure class=\"wpb_wrapper vc_figure\">\n\t\t\t<div class=\"vc_single_image-wrapper   vc_box_border_grey\"><img width=\"150\" height=\"150\" src=\"https:\/\/yelpi.com.tr\/wp-content\/uploads\/2022\/10\/Untitled-2-150x150.png\" class=\"vc_single_image-img attachment-thumbnail\" alt=\"\" loading=\"lazy\" title=\"Untitled-2\" srcset=\"https:\/\/yelpi.com.tr\/wp-content\/uploads\/2022\/10\/Untitled-2-150x150.png 150w, https:\/\/yelpi.com.tr\/wp-content\/uploads\/2022\/10\/Untitled-2-300x300.png 300w, https:\/\/yelpi.com.tr\/wp-content\/uploads\/2022\/10\/Untitled-2-1024x1024.png 1024w, https:\/\/yelpi.com.tr\/wp-content\/uploads\/2022\/10\/Untitled-2-768x768.png 768w, https:\/\/yelpi.com.tr\/wp-content\/uploads\/2022\/10\/Untitled-2-1536x1536.png 1536w, https:\/\/yelpi.com.tr\/wp-content\/uploads\/2022\/10\/Untitled-2-2048x2048.png 2048w, https:\/\/yelpi.com.tr\/wp-content\/uploads\/2022\/10\/Untitled-2-360x360.png 360w, https:\/\/yelpi.com.tr\/wp-content\/uploads\/2022\/10\/Untitled-2-600x600.png 600w, https:\/\/yelpi.com.tr\/wp-content\/uploads\/2022\/10\/Untitled-2-100x100.png 100w, https:\/\/yelpi.com.tr\/wp-content\/uploads\/2022\/10\/Untitled-2-24x24.png 24w, https:\/\/yelpi.com.tr\/wp-content\/uploads\/2022\/10\/Untitled-2-48x48.png 48w, https:\/\/yelpi.com.tr\/wp-content\/uploads\/2022\/10\/Untitled-2-96x96.png 96w, https:\/\/yelpi.com.tr\/wp-content\/uploads\/2022\/10\/Untitled-2-250x250.png 250w, https:\/\/yelpi.com.tr\/wp-content\/uploads\/2022\/10\/Untitled-2-140x140.png 140w, https:\/\/yelpi.com.tr\/wp-content\/uploads\/2022\/10\/Untitled-2-110x110.png 110w, https:\/\/yelpi.com.tr\/wp-content\/uploads\/2022\/10\/Untitled-2-275x275.png 275w, https:\/\/yelpi.com.tr\/wp-content\/uploads\/2022\/10\/Untitled-2-800x800.png 800w, https:\/\/yelpi.com.tr\/wp-content\/uploads\/2022\/10\/Untitled-2-550x550.png 550w\" sizes=\"(max-width: 150px) 100vw, 150px\" \/><\/div>\n\t\t<\/figure>\n\t<\/div>\n<\/div><\/div><\/div><\/div><div class=\"vc_row wpb_row vc_row-fluid\"><div class=\"wpb_column vc_column_container vc_col-sm-12\"><div class=\"vc_column-inner\"><div class=\"wpb_wrapper\">\n\t<div class=\"wpb_raw_code wpb_content_element wpb_raw_html\" >\n\t\t<div class=\"wpb_wrapper\">\n\t\t\t<div style=\"padding:75% 0 0 0;position:relative;\"><iframe src=\"https:\/\/player.vimeo.com\/video\/759526240?h=14edba747a&amp;badge=0&amp;autopause=0&amp;player_id=0&amp;app_id=58479\" frameborder=\"0\" allow=\"autoplay; fullscreen; picture-in-picture\" allowfullscreen style=\"position:absolute;top:0;left:0;width:100%;height:100%;\" title=\"Yelpi Lojistik\"><\/iframe><\/div><script src=\"https:\/\/player.vimeo.com\/api\/player.js\"><\/script>\n\t\t<\/div>\n\t<\/div>\n<\/div><\/div><\/div><\/div><div class=\"vc_row wpb_row vc_row-fluid vc_custom_1665605780201\"><div class=\"wpb_column vc_column_container vc_col-sm-12\"><div class=\"vc_column-inner\"><div class=\"wpb_wrapper\">\n\t<div class=\"wpb_text_column wpb_content_element\" >\n\t\t<div class=\"wpb_wrapper\">\n\t\t\t<p style=\"text-align: left; font-size: 20px;\" class=\" translation-block\">As Yelken Tavuk\u00e7uluk company, it has been serving the sector with its 16-vehicle fleet by complying with Biosecurity measures since the first day in the poultry transportation sector. In both domestic and international poultry transportation, it has adopted the delivery to the destination on time and in the healthiest conditions as its duty.<\/p>\n\n\t\t<\/div>\n\t<\/div>\n<\/div><\/div><\/div><\/div><div class=\"vc_row wpb_row vc_row-fluid vc_custom_1665605794237\"><div class=\"wpb_column vc_column_container vc_col-sm-12\"><div class=\"vc_column-inner\"><div class=\"wpb_wrapper\">\n<div class=\"vc_grid-container-wrapper vc_clearfix vc_grid-animation-fadeIn\">\n\t<div class=\"vc_grid-container vc_clearfix wpb_content_element vc_media_grid\" data-initial-loading-animation=\"fadeIn\" data-vc-grid-settings=\"{&quot;page_id&quot;:12229,&quot;style&quot;:&quot;all&quot;,&quot;action&quot;:&quot;vc_get_vc_grid_data&quot;,&quot;shortcode_id&quot;:&quot;1665659774373-b11c79ec-d46c-2&quot;,&quot;tag&quot;:&quot;vc_media_grid&quot;}\" data-vc-request=\"https:\/\/yelpi.com.tr\/wp-admin\/admin-ajax.php\" data-vc-post-id=\"12229\" data-vc-public-nonce=\"f85f804dd1\">\n\t\t\n\t<\/div>\n<\/div><\/div><\/div><\/div><\/div><div class=\"vc_row wpb_row vc_row-fluid vc_custom_1665605802516\"><div class=\"wpb_column vc_column_container vc_col-sm-12\"><div class=\"vc_column-inner\"><div class=\"wpb_wrapper\">\n<div class=\"vc_grid-container-wrapper vc_clearfix vc_grid-animation-fadeIn\">\n\t<div class=\"vc_grid-container vc_clearfix wpb_content_element vc_media_grid\" data-initial-loading-animation=\"fadeIn\" data-vc-grid-settings=\"{&quot;page_id&quot;:12229,&quot;style&quot;:&quot;all&quot;,&quot;action&quot;:&quot;vc_get_vc_grid_data&quot;,&quot;shortcode_id&quot;:&quot;1665659774374-c69399a9-f32b-6&quot;,&quot;tag&quot;:&quot;vc_media_grid&quot;}\" data-vc-request=\"https:\/\/yelpi.com.tr\/wp-admin\/admin-ajax.php\" data-vc-post-id=\"12229\" data-vc-public-nonce=\"f85f804dd1\">\n\t\t\n\t<\/div>\n<\/div><\/div><\/div><\/div><\/div>","protected":false},"excerpt":{"rendered":"Yelken Tavuk\u00e7uluk firmas\u0131 olarak kanatl\u0131 ta\u015f\u0131mac\u0131l\u0131k sekt\u00f6r\u00fcnde ilk g\u00fcnden bu yana Biog\u00fcvenlik \u00f6nlemlerine uyarak 16 ara\u00e7l\u0131k filosu ile sekt\u00f6re hizmet vermektedir. Gerek yurti\u00e7i, gerek yurtd\u0131\u015f\u0131 kanatl\u0131 ta\u015f\u0131mac\u0131l\u0131kta zaman\u0131nda ve en sa\u011fl\u0131kl\u0131 ko\u015fullarda var\u0131\u015f noktas\u0131na, teslimi g\u00f6rev olarak kendisine benimsemi\u015ftir.","protected":false},"author":1,"featured_media":0,"parent":0,"menu_order":0,"comment_status":"closed","ping_status":"closed","template":"","meta":[],"_links":{"self":[{"href":"https:\/\/yelpi.com.tr\/en_us\/wp-json\/wp\/v2\/pages\/12229"}],"collection":[{"href":"https:\/\/yelpi.com.tr\/en_us\/wp-json\/wp\/v2\/pages"}],"about":[{"href":"https:\/\/yelpi.com.tr\/en_us\/wp-json\/wp\/v2\/types\/page"}],"author":[{"embeddable":true,"href":"https:\/\/yelpi.com.tr\/en_us\/wp-json\/wp\/v2\/users\/1"}],"replies":[{"embeddable":true,"href":"https:\/\/yelpi.com.tr\/en_us\/wp-json\/wp\/v2\/comments?post=12229"}],"version-history":[{"count":17,"href":"https:\/\/yelpi.com.tr\/en_us\/wp-json\/wp\/v2\/pages\/12229\/revisions"}],"predecessor-version":[{"id":12325,"href":"https:\/\/yelpi.com.tr\/en_us\/wp-json\/wp\/v2\/pages\/12229\/revisions\/12325"}],"wp:attachment":[{"href":"https:\/\/yelpi.com.tr\/en_us\/wp-json\/wp\/v2\/media?parent=12229"}],"curies":[{"name":"wp","href":"https:\/\/api.w.org\/{rel}","templated":true}]}}