{"id":12414,"date":"2022-10-18T10:41:55","date_gmt":"2022-10-18T10:41:55","guid":{"rendered":"https:\/\/yelpi.com.tr\/?page_id=12414"},"modified":"2022-10-18T10:45:32","modified_gmt":"2022-10-18T10:45:32","slug":"seritifkalar","status":"publish","type":"page","link":"https:\/\/yelpi.com.tr\/en_us\/seritifkalar\/","title":{"rendered":"Certificates"},"content":{"rendered":"<div class=\"vc_row wpb_row vc_row-fluid\"><div class=\"wpb_column vc_column_container vc_col-sm-4\"><div class=\"vc_column-inner\"><div class=\"wpb_wrapper\"><div class=\"btn-wrap\">\r\n\t<a href=\"https:\/\/yelpi.com.tr\/wp-content\/uploads\/2022\/10\/ISO-belge-turkce-1.pdf\"  class=\"btn  btn-lg btn-main color-hover-default\" id=\"like_sc_button_1996846166\">ISO T\u00fcrk\u00e7e<\/a><\/div><\/div><\/div><\/div><div class=\"wpb_column vc_column_container vc_col-sm-4\"><div class=\"vc_column-inner\"><div class=\"wpb_wrapper\"><div class=\"btn-wrap\">\r\n\t<a href=\"https:\/\/yelpi.com.tr\/wp-content\/uploads\/2022\/10\/ISO-BELGE-INGLIZCE.pdf\"  class=\"btn  btn-lg btn-main color-hover-default\" id=\"like_sc_button_123458451\">ISO \u0130ngilizce<\/a><\/div><\/div><\/div><\/div><div class=\"wpb_column vc_column_container vc_col-sm-4\"><div class=\"vc_column-inner\"><div class=\"wpb_wrapper\"><div class=\"btn-wrap\">\r\n\t<a href=\"https:\/\/yelpi.com.tr\/wp-content\/uploads\/2022\/10\/Helal-belgesi-guncel-2021-2022.pdf\"  class=\"btn  btn-lg btn-main color-hover-default\" id=\"like_sc_button_1049330147\">Halal Certificate<\/a><\/div><\/div><\/div><\/div><\/div><div class=\"vc_row wpb_row vc_row-fluid vc_custom_1666090067469\"><div class=\"wpb_column vc_column_container vc_col-sm-4\"><div class=\"vc_column-inner\"><div class=\"wpb_wrapper\"><div class=\"btn-wrap\">\r\n\t<a href=\"https:\/\/yelpi.com.tr\/wp-content\/uploads\/2022\/10\/GUNCEL-ONAYLANMIS-STATU-BELGESI.pdf\"  class=\"btn  btn-lg btn-main color-hover-default\" id=\"like_sc_button_869903110\">Status Certificate<\/a><\/div><\/div><\/div><\/div><div class=\"wpb_column vc_column_container vc_col-sm-4\"><div class=\"vc_column-inner\"><div class=\"wpb_wrapper\"><div class=\"btn-wrap\">\r\n\t<a href=\"https:\/\/yelpi.com.tr\/wp-content\/uploads\/2022\/10\/isletme-onay-belgemiz.pdf\"  class=\"btn  btn-lg btn-main color-hover-default\" id=\"like_sc_button_1580979121\">Registration Certificate<\/a><\/div><\/div><\/div><\/div><div class=\"wpb_column vc_column_container vc_col-sm-4\"><div class=\"vc_column-inner\"><div class=\"wpb_wrapper\"><div class=\"btn-wrap\">\r\n\t<a href=\"https:\/\/yelpi.com.tr\/wp-content\/uploads\/2022\/10\/yem-amacli-hayvansal-yan-urun-isletmesi-onay-belgesi.pdf\"  class=\"btn  btn-lg btn-main color-hover-default\" id=\"like_sc_button_624297430\">Animal By-Product Certificate<\/a><\/div><\/div><\/div><\/div><\/div>","protected":false},"excerpt":{"rendered":"ISO T\u00fcrk\u00e7e ISO \u0130ngilizce Helal Belgesi Stat\u00fc Belgesi \u0130sletme Onay Belgesi Hayvansal Yan \u00dcr\u00fcn \u0130\u015fletmesi Onay Belgesi","protected":false},"author":1,"featured_media":0,"parent":0,"menu_order":0,"comment_status":"closed","ping_status":"closed","template":"","meta":[],"_links":{"self":[{"href":"https:\/\/yelpi.com.tr\/en_us\/wp-json\/wp\/v2\/pages\/12414"}],"collection":[{"href":"https:\/\/yelpi.com.tr\/en_us\/wp-json\/wp\/v2\/pages"}],"about":[{"href":"https:\/\/yelpi.com.tr\/en_us\/wp-json\/wp\/v2\/types\/page"}],"author":[{"embeddable":true,"href":"https:\/\/yelpi.com.tr\/en_us\/wp-json\/wp\/v2\/users\/1"}],"replies":[{"embeddable":true,"href":"https:\/\/yelpi.com.tr\/en_us\/wp-json\/wp\/v2\/comments?post=12414"}],"version-history":[{"count":5,"href":"https:\/\/yelpi.com.tr\/en_us\/wp-json\/wp\/v2\/pages\/12414\/revisions"}],"predecessor-version":[{"id":12426,"href":"https:\/\/yelpi.com.tr\/en_us\/wp-json\/wp\/v2\/pages\/12414\/revisions\/12426"}],"wp:attachment":[{"href":"https:\/\/yelpi.com.tr\/en_us\/wp-json\/wp\/v2\/media?parent=12414"}],"curies":[{"name":"wp","href":"https:\/\/api.w.org\/{rel}","templated":true}]}}