{"id":25,"date":"2017-05-17T20:05:52","date_gmt":"2017-05-17T20:05:52","guid":{"rendered":"https:\/\/yelpi.com.tr\/?page_id=25"},"modified":"2022-10-12T16:56:45","modified_gmt":"2022-10-12T16:56:45","slug":"iletisim","status":"publish","type":"page","link":"https:\/\/yelpi.com.tr\/en_us\/iletisim\/","title":{"rendered":"Contact"},"content":{"rendered":"<section data-vc-full-width=\"true\" data-vc-full-width-init=\"false\" class=\"vc_section\"><div class=\"vc_row wpb_row vc_row-fluid\"><div class=\"wpb_column vc_column_container vc_col-sm-12\"><div class=\"vc_column-inner\"><div class=\"wpb_wrapper\"><ul class=\"ltx-block-icon  has-descr  icons-count-4 align-center ltx-icon-color-main ltx-icon-size-default ltx-header-color-default ltx-icon-type-transparent ltx-bg-color-transparent layout-cols4 ltx-icon-top  row centered\"  id=\"like_sc_block_icon_1219235191\"><li class=\"col-lg-3 col-md-6 col-sm-6 col-ms-6 col-xs-6\" ><div   class=\"in\"><span class=\"ltx-icon ltx-icon-text bg-transparent\"><\/span> <h6 class=\"header\"> Location <\/h6> <div class=\"descr\">Yelpi tavuk\u00e7uluk \u0130neg\u00f6l Bursa, G\u00fcnd\u00fczl\u00fc Mahallesi, 16400 \u0130neg\u00f6l\/Bursa<\/div><\/div><\/li><li class=\"col-lg-3 col-md-6 col-sm-6 col-ms-6 col-xs-6\" ><div   class=\"in\"><span class=\"ltx-icon ltx-icon-text bg-transparent\"><\/span> <h6 class=\"header\"> Phone <\/h6> <div class=\"descr\">Kesimhane: 02247364044<br \/>\nOfis: 02247151541<\/div><\/div><\/li><li class=\"col-lg-3 col-md-6 col-sm-6 col-ms-6 col-xs-6\" ><a href=\"#\"   class=\"in\"><span class=\"ltx-icon ltx-icon-text bg-transparent\"><\/span> <h6 class=\"header\"> Email <\/h6> <div class=\"descr\">info@yelpi.com.tr<br \/>\nexport@yelpi.com.tr<\/div><\/a><\/li><li class=\"col-lg-3 col-md-6 col-sm-6 col-ms-6 col-xs-6\" ><div   class=\"in\"><span class=\"ltx-icon ltx-icon-text bg-transparent\"><\/span> <h6 class=\"header\"> Working Hours <\/h6> <div class=\"descr\">Pazartesi - Cumartesi<br \/>\n07:00 - 15:00<\/div><\/div><\/li><\/ul><\/div><\/div><\/div><\/div><div class=\"vc_row wpb_row vc_row-fluid\"><div class=\"wpb_column vc_column_container vc_col-sm-12\"><div class=\"vc_column-inner\"><div class=\"wpb_wrapper\"><div class=\"es-resp\">\t<div class=\"visible-xl\" style=\"height: 80px;\"><\/div>\t<div class=\"hidden-xl hidden-md hidden-sm hidden-ms hidden-xs\" style=\"height: 80px;\"><\/div>\t<div class=\"visible-md\" style=\"height: 80px;\"><\/div>\t<div class=\"visible-sm\" style=\"height: 80px;\"><\/div>\t<div class=\"visible-ms\" style=\"height: 80px;\"><\/div>\t<div class=\"visible-xs\" style=\"height: 80px;\"><\/div><\/div><\/div><\/div><\/div><\/div><div data-vc-full-width=\"true\" data-vc-full-width-init=\"false\" data-vc-stretch-content=\"true\" class=\"vc_row wpb_row vc_row-fluid vc_row-no-padding\"><div class=\"wpb_column vc_column_container vc_col-sm-12\"><div class=\"vc_column-inner\"><div class=\"wpb_wrapper\">\n\t<div class=\"wpb_raw_code wpb_content_element wpb_raw_html\" >\n\t\t<div class=\"wpb_wrapper\">\n\t\t\t<iframe src=\"https:\/\/www.google.com\/maps\/embed?pb=!1m18!1m12!1m3!1d24452.507291094622!2d29.594613565615674!3d39.995860977750596!2m3!1f0!2f0!3f0!3m2!1i1024!2i768!4f13.1!3m3!1m2!1s0x14cbc5817e809df5%3A0xa511d5c79a6fc114!2zWWVscGkgdGF2dWvDp3VsdWsgxLBuZWfDtmwgQnVyc2E!5e0!3m2!1str!2str!4v1665498795329!5m2!1str!2str\" width=\"1920\" height=\"450\" style=\"border:0;\" allowfullscreen=\"\" loading=\"lazy\" referrerpolicy=\"no-referrer-when-downgrade\"><\/iframe>\n\t\t<\/div>\n\t<\/div>\n<\/div><\/div><\/div><\/div><div class=\"vc_row-full-width vc_clearfix\"><\/div><div data-vc-full-width=\"true\" data-vc-full-width-init=\"false\" class=\"vc_row wpb_row vc_row-fluid\"><div class=\"wpb_column vc_column_container vc_col-sm-12\"><div class=\"vc_column-inner\"><div class=\"wpb_wrapper\"><div class=\"ltx-content-width ltx-col-align-center ltx-block-align-left\" id=\"like_sc_content_width_1897972489\" style=\"max-width: 600px\"><div class=\"ltx-wrapper\"><div class=\"es-resp\">\t<div class=\"visible-xl\" style=\"height: 32px;\"><\/div>\t<div class=\"hidden-xl hidden-md hidden-sm hidden-ms hidden-xs\" style=\"height: 32px;\"><\/div>\t<div class=\"visible-md\" style=\"height: 32px;\"><\/div>\t<div class=\"visible-sm\" style=\"height: 32px;\"><\/div>\t<div class=\"visible-ms\" style=\"height: 32px;\"><\/div>\t<div class=\"visible-xs\" style=\"height: 32px;\"><\/div><\/div><div class=\"heading header-subheader align-center color-black subcolor-main transform-default theme-icon-second icon-type-hidden   vc_custom_1665445410449 heading-tag-h4\" id=\"like_sc_header_375610254\"><h4 data-text=\"Mesaj G\u00f6nder\" class=\"header ltx-sr-id-like_sc_header_37561025415325 ltx-sr ltx-sr-effect-fade_in ltx-sr-el-block ltx-sr-delay-0 ltx-sr-duration-1000 ltx-sr-sequences-0\">Send Message<\/h4><\/div><div class=\"ltx-contact-form-7 transform-default form-center form-white form-bg-white form-style-default form-btn-default form-btn-default form-padding-none    vc_custom_1570132734939\"    id=\"like_sc_contact_form_7_1871418667\"><div role=\"form\" class=\"wpcf7\" id=\"wpcf7-f10794-o2\" lang=\"en-US\" dir=\"ltr\">\n<div class=\"screen-reader-response\"><p role=\"status\" aria-live=\"polite\" aria-atomic=\"true\"><\/p> <ul><\/ul><\/div>\n<form action=\"\/en_us\/wp-json\/wp\/v2\/pages\/25#wpcf7-f10794-o2\" method=\"post\" class=\"wpcf7-form init\" novalidate=\"novalidate\" data-status=\"init\" data-trp-original-action=\"\/en_us\/wp-json\/wp\/v2\/pages\/25#wpcf7-f10794-o2\">\n<div style=\"display: none;\">\n<input type=\"hidden\" name=\"_wpcf7\" value=\"10794\" \/>\n<input type=\"hidden\" name=\"_wpcf7_version\" value=\"5.6.3\" \/>\n<input type=\"hidden\" name=\"_wpcf7_locale\" value=\"en_US\" \/>\n<input type=\"hidden\" name=\"_wpcf7_unit_tag\" value=\"wpcf7-f10794-o2\" \/>\n<input type=\"hidden\" name=\"_wpcf7_container_post\" value=\"0\" \/>\n<input type=\"hidden\" name=\"_wpcf7_posted_data_hash\" value=\"\" \/>\n<\/div>\n<div class=\"row\">\n<div class=\"col-lg-12\">\n<span class=\"wpcf7-form-control-wrap\" data-name=\"field-header\"><input type=\"text\" name=\"field-header\" value=\"\" size=\"40\" class=\"wpcf7-form-control wpcf7-text wpcf7-validates-as-required\" aria-required=\"true\" aria-invalid=\"false\" placeholder=\"Name\" \/><\/span>\n  <\/div>\n<div class=\"col-lg-12\">\n<span class=\"wpcf7-form-control-wrap\" data-name=\"field-header2\"><input type=\"text\" name=\"field-header2\" value=\"\" size=\"40\" class=\"wpcf7-form-control wpcf7-text wpcf7-validates-as-required\" aria-required=\"true\" aria-invalid=\"false\" placeholder=\"Mail\" \/><\/span>\n  <\/div>\n<\/div>\n<p><span class=\"wpcf7-form-control-wrap\" data-name=\"field-header-3\"><textarea name=\"field-header-3\" cols=\"40\" rows=\"10\" class=\"wpcf7-form-control wpcf7-textarea\" aria-invalid=\"false\" placeholder=\"Message\"><\/textarea><\/span><\/p>\n<p><input type=\"submit\" value=\"Send\" class=\"wpcf7-form-control has-spinner wpcf7-submit\" \/><\/p>\n<div class=\"wpcf7-response-output\" aria-hidden=\"true\"><\/div><input type=\"hidden\" name=\"trp-form-language\" value=\"en_us\"\/><\/form><\/div><\/div><\/div><\/div><\/div><\/div><\/div><\/div><div class=\"vc_row-full-width vc_clearfix\"><\/div><\/section><div class=\"vc_row-full-width vc_clearfix\"><\/div>","protected":false},"excerpt":{"rendered":"Konum Yelpi tavuk\u00e7uluk \u0130neg\u00f6l Bursa, G\u00fcnd\u00fczl\u00fc Mahallesi, 16400 \u0130neg\u00f6l\/Bursa Telefon Kesimhane: 02247364044 Ofis: 02247151541 Email info@yelpi.com.tr export@yelpi.com.tr \u00c7al\u0131\u015fma Saatleri Pazartesi - Cumartesi 07:00 - 15:00 Mesaj G\u00f6nder","protected":false},"author":1,"featured_media":0,"parent":0,"menu_order":0,"comment_status":"closed","ping_status":"closed","template":"page-templates\/full-width.php","meta":[],"_links":{"self":[{"href":"https:\/\/yelpi.com.tr\/en_us\/wp-json\/wp\/v2\/pages\/25"}],"collection":[{"href":"https:\/\/yelpi.com.tr\/en_us\/wp-json\/wp\/v2\/pages"}],"about":[{"href":"https:\/\/yelpi.com.tr\/en_us\/wp-json\/wp\/v2\/types\/page"}],"author":[{"embeddable":true,"href":"https:\/\/yelpi.com.tr\/en_us\/wp-json\/wp\/v2\/users\/1"}],"replies":[{"embeddable":true,"href":"https:\/\/yelpi.com.tr\/en_us\/wp-json\/wp\/v2\/comments?post=25"}],"version-history":[{"count":9,"href":"https:\/\/yelpi.com.tr\/en_us\/wp-json\/wp\/v2\/pages\/25\/revisions"}],"predecessor-version":[{"id":12263,"href":"https:\/\/yelpi.com.tr\/en_us\/wp-json\/wp\/v2\/pages\/25\/revisions\/12263"}],"wp:attachment":[{"href":"https:\/\/yelpi.com.tr\/en_us\/wp-json\/wp\/v2\/media?parent=25"}],"curies":[{"name":"wp","href":"https:\/\/api.w.org\/{rel}","templated":true}]}}