{"id":11970,"date":"2022-10-10T23:09:16","date_gmt":"2022-10-10T23:09:16","guid":{"rendered":"https:\/\/yelpi.com.tr\/?post_type=product&#038;p=11970"},"modified":"2023-12-27T19:08:37","modified_gmt":"2023-12-27T19:08:37","slug":"anac-but","status":"publish","type":"product","link":"https:\/\/yelpi.com.tr\/en_us\/product\/anac-but\/","title":{"rendered":"Breeder Hen Leg Quarter"},"content":{"rendered":"","protected":false},"excerpt":{"rendered":"<h4><span style=\"color: #993300;\">Cooking Tip<\/span><\/h4>\n<p>The core temperature should reach 72\u00b0C during cooking.<\/p>\n<h4><span style=\"color: #993300;\">Storage Conditions<\/span><\/h4>\n<p>Store the frozen product in the deep freezer at -18\u00baC. Thaw the product in the refrigerator. Do not refreeze thawed product.<\/p>\n<h4><span style=\"color: #993300;\">Product Info<\/span><\/h4>\n<p>Koli i\u00e7i A\u011f\u0131rl\u0131k\u00a0\u00a0\u00a0\u00a0\u00a0\u00a0 : 10 kg<br \/>\nRaf \u00d6mr\u00fc\u00a0\u00a0\u00a0\u00a0\u00a0\u00a0\u00a0\u00a0\u00a0\u00a0\u00a0\u00a0 : 12 ay<\/p>","protected":false},"featured_media":12285,"comment_status":"open","ping_status":"closed","template":"","meta":[],"product_cat":[379],"product_tag":[],"_links":{"self":[{"href":"https:\/\/yelpi.com.tr\/en_us\/wp-json\/wp\/v2\/product\/11970"}],"collection":[{"href":"https:\/\/yelpi.com.tr\/en_us\/wp-json\/wp\/v2\/product"}],"about":[{"href":"https:\/\/yelpi.com.tr\/en_us\/wp-json\/wp\/v2\/types\/product"}],"replies":[{"embeddable":true,"href":"https:\/\/yelpi.com.tr\/en_us\/wp-json\/wp\/v2\/comments?post=11970"}],"wp:featuredmedia":[{"embeddable":true,"href":"https:\/\/yelpi.com.tr\/en_us\/wp-json\/wp\/v2\/media\/12285"}],"wp:attachment":[{"href":"https:\/\/yelpi.com.tr\/en_us\/wp-json\/wp\/v2\/media?parent=11970"}],"wp:term":[{"taxonomy":"product_cat","embeddable":true,"href":"https:\/\/yelpi.com.tr\/en_us\/wp-json\/wp\/v2\/product_cat?post=11970"},{"taxonomy":"product_tag","embeddable":true,"href":"https:\/\/yelpi.com.tr\/en_us\/wp-json\/wp\/v2\/product_tag?post=11970"}],"curies":[{"name":"wp","href":"https:\/\/api.w.org\/{rel}","templated":true}]}}