{"id":12022,"date":"2022-10-11T15:32:01","date_gmt":"2022-10-11T15:32:01","guid":{"rendered":"https:\/\/yelpi.com.tr\/?post_type=product&#038;p=12022"},"modified":"2022-10-11T15:33:14","modified_gmt":"2022-10-11T15:33:14","slug":"kan-unu","status":"publish","type":"product","link":"https:\/\/yelpi.com.tr\/en_us\/product\/kan-unu\/","title":{"rendered":"Blood Meal"},"content":{"rendered":"","protected":false},"excerpt":{"rendered":"<h3><span style=\"color: #993300;\">Kan unu<\/span><\/h3>\n<p>Kesimhanemizde kesim esnas\u0131n da elde edilen taze kan\u0131n rendering tesisimiz de i\u015flenip kurutulup \u00f6\u011f\u00fct\u00fclmesiyle elde edilir.<\/p>","protected":false},"featured_media":12023,"comment_status":"open","ping_status":"closed","template":"","meta":[],"product_cat":[378],"product_tag":[],"_links":{"self":[{"href":"https:\/\/yelpi.com.tr\/en_us\/wp-json\/wp\/v2\/product\/12022"}],"collection":[{"href":"https:\/\/yelpi.com.tr\/en_us\/wp-json\/wp\/v2\/product"}],"about":[{"href":"https:\/\/yelpi.com.tr\/en_us\/wp-json\/wp\/v2\/types\/product"}],"replies":[{"embeddable":true,"href":"https:\/\/yelpi.com.tr\/en_us\/wp-json\/wp\/v2\/comments?post=12022"}],"wp:featuredmedia":[{"embeddable":true,"href":"https:\/\/yelpi.com.tr\/en_us\/wp-json\/wp\/v2\/media\/12023"}],"wp:attachment":[{"href":"https:\/\/yelpi.com.tr\/en_us\/wp-json\/wp\/v2\/media?parent=12022"}],"wp:term":[{"taxonomy":"product_cat","embeddable":true,"href":"https:\/\/yelpi.com.tr\/en_us\/wp-json\/wp\/v2\/product_cat?post=12022"},{"taxonomy":"product_tag","embeddable":true,"href":"https:\/\/yelpi.com.tr\/en_us\/wp-json\/wp\/v2\/product_tag?post=12022"}],"curies":[{"name":"wp","href":"https:\/\/api.w.org\/{rel}","templated":true}]}}