{"id":12025,"date":"2022-10-11T15:33:26","date_gmt":"2022-10-11T15:33:26","guid":{"rendered":"https:\/\/yelpi.com.tr\/?post_type=product&#038;p=12025"},"modified":"2022-10-11T15:34:24","modified_gmt":"2022-10-11T15:34:24","slug":"tavuk-unu","status":"publish","type":"product","link":"https:\/\/yelpi.com.tr\/en_us\/product\/tavuk-unu\/","title":{"rendered":"Poultry Meal"},"content":{"rendered":"","protected":false},"excerpt":{"rendered":"<h3><span style=\"color: #993300;\">Tavuk unu<\/span><\/h3>\n<p>Kesimhanemizde elde edilen kesim art\u0131klar\u0131ndan ba\u015f, ayak, ba\u011f\u0131rsak ve di\u011fer i\u00e7 organlar\u0131n rendering tesisimizde i\u015flenip kurutulup \u00f6\u011f\u00fct\u00fclmesiyle elde edilir.<\/p>","protected":false},"featured_media":12027,"comment_status":"open","ping_status":"closed","template":"","meta":[],"product_cat":[378],"product_tag":[],"_links":{"self":[{"href":"https:\/\/yelpi.com.tr\/en_us\/wp-json\/wp\/v2\/product\/12025"}],"collection":[{"href":"https:\/\/yelpi.com.tr\/en_us\/wp-json\/wp\/v2\/product"}],"about":[{"href":"https:\/\/yelpi.com.tr\/en_us\/wp-json\/wp\/v2\/types\/product"}],"replies":[{"embeddable":true,"href":"https:\/\/yelpi.com.tr\/en_us\/wp-json\/wp\/v2\/comments?post=12025"}],"wp:featuredmedia":[{"embeddable":true,"href":"https:\/\/yelpi.com.tr\/en_us\/wp-json\/wp\/v2\/media\/12027"}],"wp:attachment":[{"href":"https:\/\/yelpi.com.tr\/en_us\/wp-json\/wp\/v2\/media?parent=12025"}],"wp:term":[{"taxonomy":"product_cat","embeddable":true,"href":"https:\/\/yelpi.com.tr\/en_us\/wp-json\/wp\/v2\/product_cat?post=12025"},{"taxonomy":"product_tag","embeddable":true,"href":"https:\/\/yelpi.com.tr\/en_us\/wp-json\/wp\/v2\/product_tag?post=12025"}],"curies":[{"name":"wp","href":"https:\/\/api.w.org\/{rel}","templated":true}]}}