{"id":12028,"date":"2022-10-11T15:34:50","date_gmt":"2022-10-11T15:34:50","guid":{"rendered":"https:\/\/yelpi.com.tr\/?post_type=product&#038;p=12028"},"modified":"2022-10-11T15:35:50","modified_gmt":"2022-10-11T15:35:50","slug":"tavuk-unu-copy","status":"publish","type":"product","link":"https:\/\/yelpi.com.tr\/en_us\/product\/tavuk-unu-copy\/","title":{"rendered":"Layer Hen Fat (Liquid)"},"content":{"rendered":"","protected":false},"excerpt":{"rendered":"<h3><span style=\"color: #993300;\">Tavuk ya\u011f\u0131<\/span><\/h3>\n<p>Kesimhanemizde \u00fcretimi yap\u0131lan tavuk ununun rendering tesisimiz de preslenip i\u015flenmesiyle elde edilir.<\/p>","protected":false},"featured_media":12029,"comment_status":"open","ping_status":"closed","template":"","meta":[],"product_cat":[378],"product_tag":[],"_links":{"self":[{"href":"https:\/\/yelpi.com.tr\/en_us\/wp-json\/wp\/v2\/product\/12028"}],"collection":[{"href":"https:\/\/yelpi.com.tr\/en_us\/wp-json\/wp\/v2\/product"}],"about":[{"href":"https:\/\/yelpi.com.tr\/en_us\/wp-json\/wp\/v2\/types\/product"}],"replies":[{"embeddable":true,"href":"https:\/\/yelpi.com.tr\/en_us\/wp-json\/wp\/v2\/comments?post=12028"}],"wp:featuredmedia":[{"embeddable":true,"href":"https:\/\/yelpi.com.tr\/en_us\/wp-json\/wp\/v2\/media\/12029"}],"wp:attachment":[{"href":"https:\/\/yelpi.com.tr\/en_us\/wp-json\/wp\/v2\/media?parent=12028"}],"wp:term":[{"taxonomy":"product_cat","embeddable":true,"href":"https:\/\/yelpi.com.tr\/en_us\/wp-json\/wp\/v2\/product_cat?post=12028"},{"taxonomy":"product_tag","embeddable":true,"href":"https:\/\/yelpi.com.tr\/en_us\/wp-json\/wp\/v2\/product_tag?post=12028"}],"curies":[{"name":"wp","href":"https:\/\/api.w.org\/{rel}","templated":true}]}}