{"id":12051,"date":"2022-10-11T18:42:36","date_gmt":"2022-10-11T18:42:36","guid":{"rendered":"https:\/\/yelpi.com.tr\/?post_type=product&#038;p=12051"},"modified":"2022-10-13T11:03:29","modified_gmt":"2022-10-13T11:03:29","slug":"taslik","status":"publish","type":"product","link":"https:\/\/yelpi.com.tr\/en_us\/product\/taslik\/","title":{"rendered":"Gizzard"},"content":{"rendered":"","protected":false},"excerpt":{"rendered":"<h4><span style=\"color: #993300;\">Storage Conditions<\/span><\/h4>\n<p>Store the frozen product in the deep freezer at -18\u00baC. Thaw the product in the refrigerator. Do not refreeze thawed product.<\/p>\n<h4><span style=\"color: #993300;\">Product Info<\/span><\/h4>\n<p>Koli i\u00e7i A\u011f\u0131rl\u0131k\u00a0\u00a0\u00a0\u00a0\u00a0\u00a0 : 10 kg<br \/>\nRaf \u00d6mr\u00fc\u00a0\u00a0\u00a0\u00a0\u00a0\u00a0\u00a0\u00a0\u00a0\u00a0\u00a0\u00a0 : 18 ay<\/p>\n<p>&nbsp;<\/p>","protected":false},"featured_media":12056,"comment_status":"open","ping_status":"closed","template":"","meta":[],"product_cat":[381],"product_tag":[],"_links":{"self":[{"href":"https:\/\/yelpi.com.tr\/en_us\/wp-json\/wp\/v2\/product\/12051"}],"collection":[{"href":"https:\/\/yelpi.com.tr\/en_us\/wp-json\/wp\/v2\/product"}],"about":[{"href":"https:\/\/yelpi.com.tr\/en_us\/wp-json\/wp\/v2\/types\/product"}],"replies":[{"embeddable":true,"href":"https:\/\/yelpi.com.tr\/en_us\/wp-json\/wp\/v2\/comments?post=12051"}],"wp:featuredmedia":[{"embeddable":true,"href":"https:\/\/yelpi.com.tr\/en_us\/wp-json\/wp\/v2\/media\/12056"}],"wp:attachment":[{"href":"https:\/\/yelpi.com.tr\/en_us\/wp-json\/wp\/v2\/media?parent=12051"}],"wp:term":[{"taxonomy":"product_cat","embeddable":true,"href":"https:\/\/yelpi.com.tr\/en_us\/wp-json\/wp\/v2\/product_cat?post=12051"},{"taxonomy":"product_tag","embeddable":true,"href":"https:\/\/yelpi.com.tr\/en_us\/wp-json\/wp\/v2\/product_tag?post=12051"}],"curies":[{"name":"wp","href":"https:\/\/api.w.org\/{rel}","templated":true}]}}