{"id":12311,"date":"2022-10-13T10:53:55","date_gmt":"2022-10-13T10:53:55","guid":{"rendered":"https:\/\/yelpi.com.tr\/?post_type=product&#038;p=12311"},"modified":"2022-10-14T09:35:41","modified_gmt":"2022-10-14T09:35:41","slug":"anac-karkas-boyunsuz","status":"publish","type":"product","link":"https:\/\/yelpi.com.tr\/en_us\/product\/anac-karkas-boyunsuz\/","title":{"rendered":"Breeder Hen Carcass Without Neck"},"content":{"rendered":"","protected":false},"excerpt":{"rendered":"<h4><span style=\"color: #993300;\">Storage Conditions<\/span><\/h4>\n<p>Store the frozen product in the deep freezer at -18\u00baC. Thaw the product in the refrigerator. Do not refreeze thawed product.<\/p>\n<h4><span style=\"color: #993300;\">Product Info\u00a0\u00a0\u00a0\u00a0\u00a0\u00a0<\/span><\/h4>\n<p>Koli i\u00e7i a\u011f\u0131rl\u0131k\u00a0\u00a0\u00a0\u00a0\u00a0\u00a0 : 10 Kg<br \/>\nRaf \u00f6mr\u00fc\u00a0\u00a0\u00a0\u00a0\u00a0\u00a0\u00a0\u00a0\u00a0\u00a0\u00a0\u00a0\u00a0 : 12 Ay<\/p>\n<p>&nbsp;<\/p>\n<p>&nbsp;<\/p>","protected":false},"featured_media":12329,"comment_status":"open","ping_status":"closed","template":"","meta":[],"product_cat":[379],"product_tag":[],"_links":{"self":[{"href":"https:\/\/yelpi.com.tr\/en_us\/wp-json\/wp\/v2\/product\/12311"}],"collection":[{"href":"https:\/\/yelpi.com.tr\/en_us\/wp-json\/wp\/v2\/product"}],"about":[{"href":"https:\/\/yelpi.com.tr\/en_us\/wp-json\/wp\/v2\/types\/product"}],"replies":[{"embeddable":true,"href":"https:\/\/yelpi.com.tr\/en_us\/wp-json\/wp\/v2\/comments?post=12311"}],"wp:featuredmedia":[{"embeddable":true,"href":"https:\/\/yelpi.com.tr\/en_us\/wp-json\/wp\/v2\/media\/12329"}],"wp:attachment":[{"href":"https:\/\/yelpi.com.tr\/en_us\/wp-json\/wp\/v2\/media?parent=12311"}],"wp:term":[{"taxonomy":"product_cat","embeddable":true,"href":"https:\/\/yelpi.com.tr\/en_us\/wp-json\/wp\/v2\/product_cat?post=12311"},{"taxonomy":"product_tag","embeddable":true,"href":"https:\/\/yelpi.com.tr\/en_us\/wp-json\/wp\/v2\/product_tag?post=12311"}],"curies":[{"name":"wp","href":"https:\/\/api.w.org\/{rel}","templated":true}]}}